{"id":17,"date":"2009-11-11T13:12:45","date_gmt":"2009-11-11T13:12:45","guid":{"rendered":"http:\/\/organicthemes.com\/demo\/magazine\/?page_id=17"},"modified":"2020-07-04T13:28:11","modified_gmt":"2020-07-04T13:28:11","slug":"les-actualites","status":"publish","type":"page","link":"https:\/\/rq-conseils.com\/english\/les-actualites\/","title":{"rendered":"News"},"content":{"rendered":"<div class=\"wp-block-columns is-layout-flex wp-container-core-columns-is-layout-8f761849 wp-block-columns-is-layout-flex\">\n<div class=\"wp-block-column is-layout-flow wp-block-column-is-layout-flow\" style=\"flex-basis:100%\"><div  class=\"ultp-post-grid-block wp-block-ultimate-post-post-grid-1 ultp-block-a80d04\"><div class=\"ultp-block-wrapper\"><div class=\"ultp-loading\"><div class=\"ultp-loading-blocks\" style=\"width:100%;height:100%;\"><div style=\"left: 0;top: 0;animation-delay:0s;\"><\/div><div style=\"left: 21px;top: 0;animation-delay:0.125s;\"><\/div><div style=\"left: 42px;top: 0;animation-delay:0.25s;\"><\/div><div style=\"left: 0;top: 21px;animation-delay:0.875s;\"><\/div><div style=\"left: 42px;top: 21px;animation-delay:0.375s;\"><\/div><div style=\"left: 0;top: 42px;animation-delay:0.75s;\"><\/div><div style=\"left: 42px;top: 42px;animation-delay:0.625s;\"><\/div><div style=\"left: 21px;top: 42px;animation-delay:0.5s;\"><\/div><\/div><\/div><div class=\"ultp-heading-filter\"><div class=\"ultp-heading-filter-in\"><div class=\"ultp-heading-wrap ultp-heading-style1 ultp-heading-left\"><h6 class=\"ultp-heading-inner\"><span>FIND ALL OUR DAILY NEWS  <\/span><\/h6><\/div><div class=\"ultp-filter-navigation\"><\/div><\/div><\/div><div class=\"ultp-block-items-wrap ultp-block-row ultp-pg1a-style1 ultp-grid1-responsive ultp-block-column-1 1 1 ultp-layout1\"><div class=\"ultp-block-item post-id-2222\"><div class=\"ultp-block-content-wrap\"><div class=\"ultp-block-image ultp-block-image-zoomOut\"><a href=\"https:\/\/rq-conseils.com\/english\/2020\/06\/11\/les-assiettes-de-prime-ht-ou-ttc\/\" ><img decoding=\"async\"  class=\"ultp-block-image-content\"  alt=\"Les assiettes de prime : HT ou TTC ?\"  src=\"https:\/\/rq-conseils.com\/wp-content\/uploads\/2020\/06\/construction-870x570.png\" \/><\/a><\/div><div class=\"ultp-block-content\"><h4 class=\"ultp-block-title\"><a href=\"https:\/\/rq-conseils.com\/english\/2020\/06\/11\/les-assiettes-de-prime-ht-ou-ttc\/\" >Premium bases: exclusive of tax or inclusive of tax?<\/a><\/h4><div class=\"ultp-block-excerpt\">The premium bases are actually expressed in VAT excluded or VAT included depending on the type of guarantee...<\/div><div class=\"ultp-block-readmore\"><a aria-label=\"Premium bases: exclusive of tax or inclusive of tax?\" href=\"https:\/\/rq-conseils.com\/english\/2020\/06\/11\/les-assiettes-de-prime-ht-ou-ttc\/\" >MORE DETAILS <\/a><\/div><div class=\"ultp-block-meta ultp-block-meta-dash ultp-block-meta-style3\"><span class=\"ultp-block-date ultp-block-meta-element\"><svg xmlns=\"http:\/\/www.w3.org\/2000\/svg\" fill=\"none\" viewbox=\"0 0 24 24\">\n  <path stroke=\"currentColor\" stroke-linecap=\"round\" stroke-linejoin=\"round\" stroke-width=\"1.5\" d=\"M3 5.5a2 2 0 0 1 2-2h14a2 2 0 0 1 2 2v14a2 2 0 0 1-2 2H5a2 2 0 0 1-2-2v-14ZM8 2v3m8-3v3M3 9h18\"\/>\n<\/svg>\nJun 11, 2020<\/span><span class=\"ultp-post-comment ultp-block-meta-element\"><svg xmlns=\"http:\/\/www.w3.org\/2000\/svg\" fill=\"none\" viewbox=\"0 0 24 24\">\n  <path stroke=\"currentColor\" stroke-linecap=\"round\" stroke-linejoin=\"round\" stroke-width=\"1.5\" d=\"M20 4H4a2 2 0 0 0-2 2v9a2 2 0 0 0 2 2h4.5v4l5-4H20a2 2 0 0 0 2-2V6a2 2 0 0 0-2-2Z\"\/>\n<\/svg>\n0<\/span><\/div><\/div><\/div><\/div><div class=\"ultp-block-item post-id-2067\"><div class=\"ultp-block-content-wrap\"><div class=\"ultp-block-image ultp-block-image-zoomOut\"><a href=\"https:\/\/rq-conseils.com\/english\/2020\/06\/11\/la-course-contre-le-coronavirus-a-commence\/\" ><img decoding=\"async\"  class=\"ultp-block-image-content\"  alt=\"L&rsquo;actualit\u00e9 : Le Coronavirus\"  src=\"https:\/\/rq-conseils.com\/wp-content\/uploads\/2020\/06\/purpose-feature-01-870x570.png\" \/><\/a><\/div><div class=\"ultp-block-content\"><h4 class=\"ultp-block-title\"><a href=\"https:\/\/rq-conseils.com\/english\/2020\/06\/11\/la-course-contre-le-coronavirus-a-commence\/\" >The news : The Coronavirus<\/a><\/h4><div class=\"ultp-block-excerpt\">Will \"forced\" absenteeism to prevent the spread of the virus have an impact on the insurance premium ? <\/div><div class=\"ultp-block-readmore\"><a aria-label=\"L&rsquo;actualit\u00e9 : Le Coronavirus\" href=\"https:\/\/rq-conseils.com\/english\/2020\/06\/11\/la-course-contre-le-coronavirus-a-commence\/\" >MORE DETAILS <\/a><\/div><div class=\"ultp-block-meta ultp-block-meta-dash ultp-block-meta-style3\"><span class=\"ultp-block-date ultp-block-meta-element\"><svg xmlns=\"http:\/\/www.w3.org\/2000\/svg\" fill=\"none\" viewbox=\"0 0 24 24\">\n  <path stroke=\"currentColor\" stroke-linecap=\"round\" stroke-linejoin=\"round\" stroke-width=\"1.5\" d=\"M3 5.5a2 2 0 0 1 2-2h14a2 2 0 0 1 2 2v14a2 2 0 0 1-2 2H5a2 2 0 0 1-2-2v-14ZM8 2v3m8-3v3M3 9h18\"\/>\n<\/svg>\nJun 11, 2020<\/span><span class=\"ultp-post-comment ultp-block-meta-element\"><svg xmlns=\"http:\/\/www.w3.org\/2000\/svg\" fill=\"none\" viewbox=\"0 0 24 24\">\n  <path stroke=\"currentColor\" stroke-linecap=\"round\" stroke-linejoin=\"round\" stroke-width=\"1.5\" d=\"M20 4H4a2 2 0 0 0-2 2v9a2 2 0 0 0 2 2h4.5v4l5-4H20a2 2 0 0 0 2-2V6a2 2 0 0 0-2-2Z\"\/>\n<\/svg>\n0<\/span><\/div><\/div><\/div><\/div><div class=\"ultp-block-item post-id-2229\"><div class=\"ultp-block-content-wrap\"><div class=\"ultp-block-image ultp-block-image-zoomOut\"><a href=\"https:\/\/rq-conseils.com\/english\/2020\/06\/11\/mon-contrat-et-moi-le-100-sante\/\" ><img decoding=\"async\"  class=\"ultp-block-image-content\"  alt=\"Mon contrat et moi : le 100% sant\u00e9\"  src=\"https:\/\/rq-conseils.com\/wp-content\/uploads\/2020\/06\/MEDECIN-870x570.png\" \/><\/a><\/div><div class=\"ultp-block-content\"><h4 class=\"ultp-block-title\"><a href=\"https:\/\/rq-conseils.com\/english\/2020\/06\/11\/mon-contrat-et-moi-le-100-sante\/\" >My contract and me: 100% health<\/a><\/h4><div class=\"ultp-block-excerpt\">On January 1st, the 100% Healthcare reform, prepared well in advance by insurers...<\/div><div class=\"ultp-block-readmore\"><a aria-label=\"My contract and me: 100% health\" href=\"https:\/\/rq-conseils.com\/english\/2020\/06\/11\/mon-contrat-et-moi-le-100-sante\/\" >MORE DETAILS <\/a><\/div><div class=\"ultp-block-meta ultp-block-meta-dash ultp-block-meta-style3\"><span class=\"ultp-block-date ultp-block-meta-element\"><svg xmlns=\"http:\/\/www.w3.org\/2000\/svg\" fill=\"none\" viewbox=\"0 0 24 24\">\n  <path stroke=\"currentColor\" stroke-linecap=\"round\" stroke-linejoin=\"round\" stroke-width=\"1.5\" d=\"M3 5.5a2 2 0 0 1 2-2h14a2 2 0 0 1 2 2v14a2 2 0 0 1-2 2H5a2 2 0 0 1-2-2v-14ZM8 2v3m8-3v3M3 9h18\"\/>\n<\/svg>\nJun 11, 2020<\/span><span class=\"ultp-post-comment ultp-block-meta-element\"><svg xmlns=\"http:\/\/www.w3.org\/2000\/svg\" fill=\"none\" viewbox=\"0 0 24 24\">\n  <path stroke=\"currentColor\" stroke-linecap=\"round\" stroke-linejoin=\"round\" stroke-width=\"1.5\" d=\"M20 4H4a2 2 0 0 0-2 2v9a2 2 0 0 0 2 2h4.5v4l5-4H20a2 2 0 0 0 2-2V6a2 2 0 0 0-2-2Z\"\/>\n<\/svg>\n0<\/span><\/div><\/div><\/div><\/div><div class=\"ultp-block-item post-id-2253\"><div class=\"ultp-block-content-wrap\"><div class=\"ultp-block-image ultp-block-image-zoomOut\"><a href=\"https:\/\/rq-conseils.com\/english\/2020\/06\/11\/rqc-fete-ses-5-ans-2\/\" ><img decoding=\"async\"  class=\"ultp-block-image-content\"  alt=\"RQC f\u00eate ses 5 ans !\"  src=\"https:\/\/rq-conseils.com\/wp-content\/uploads\/2020\/06\/V2-870x570.jpg\" \/><\/a><\/div><div class=\"ultp-block-content\"><h4 class=\"ultp-block-title\"><a href=\"https:\/\/rq-conseils.com\/english\/2020\/06\/11\/rqc-fete-ses-5-ans-2\/\" >RQC celebrates its 5th anniversary<\/a><\/h4><div class=\"ultp-block-excerpt\">Since 2015 RQC has imposed itself by becoming one of the reference firms for all public authorities and private establishments in Metropolitan France and in the French Overseas Departments and Territories (DROM-COM), by establishing a relationship of trust ! <\/div><div class=\"ultp-block-readmore\"><a aria-label=\"RQC celebrates its 5th anniversary\" href=\"https:\/\/rq-conseils.com\/english\/2020\/06\/11\/rqc-fete-ses-5-ans-2\/\" >MORE DETAILS <\/a><\/div><div class=\"ultp-block-meta ultp-block-meta-dash ultp-block-meta-style3\"><span class=\"ultp-block-date ultp-block-meta-element\"><svg xmlns=\"http:\/\/www.w3.org\/2000\/svg\" fill=\"none\" viewbox=\"0 0 24 24\">\n  <path stroke=\"currentColor\" stroke-linecap=\"round\" stroke-linejoin=\"round\" stroke-width=\"1.5\" d=\"M3 5.5a2 2 0 0 1 2-2h14a2 2 0 0 1 2 2v14a2 2 0 0 1-2 2H5a2 2 0 0 1-2-2v-14ZM8 2v3m8-3v3M3 9h18\"\/>\n<\/svg>\nJun 11, 2020<\/span><span class=\"ultp-post-comment ultp-block-meta-element\"><svg xmlns=\"http:\/\/www.w3.org\/2000\/svg\" fill=\"none\" viewbox=\"0 0 24 24\">\n  <path stroke=\"currentColor\" stroke-linecap=\"round\" stroke-linejoin=\"round\" stroke-width=\"1.5\" d=\"M20 4H4a2 2 0 0 0-2 2v9a2 2 0 0 0 2 2h4.5v4l5-4H20a2 2 0 0 0 2-2V6a2 2 0 0 0-2-2Z\"\/>\n<\/svg>\n0<\/span><\/div><\/div><\/div><\/div><\/div><div class=\"ultp-pagination-wrap ultp-pagination-ajax-action\" data-paged=\"1\" data-expost=\"\"  data-blockid=\"a80d04\" data-postid=\"17\" data-pages=\"1\" data-blockname=\"ultimate-post_post-grid-1\" data-selfpostid=\"no\"><\/div><\/div><div class=\"pagination-block-html\" aria-hidden=\"true\" style=\"display: none;\"><\/div><\/div><\/div>\n<\/div>","protected":false},"excerpt":{"rendered":"","protected":false},"author":1,"featured_media":2058,"parent":0,"menu_order":3,"comment_status":"closed","ping_status":"closed","template":"","meta":{"qubely_global_settings":"","qubely_interactions":"","_editorskit_title_hidden":false,"_editorskit_reading_time":0,"_editorskit_is_block_options_detached":false,"_editorskit_block_options_position":"{}","_coblocks_attr":"","_coblocks_dimensions":"","_coblocks_responsive_height":"","_coblocks_accordion_ie_support":"","_crdt_document":"","_uag_custom_page_level_css":"","advgb_blocks_editor_width":"","advgb_blocks_columns_visual_guide":"","footnotes":""},"class_list":["post-17","page","type-page","status-publish","has-post-thumbnail","hentry"],"featured_image_urls_v2":{"full":["https:\/\/rq-conseils.com\/wp-content\/uploads\/2020\/06\/V4-R\u00e9cup\u00e9r\u00e9.png",1280,579,false],"thumbnail":["https:\/\/rq-conseils.com\/wp-content\/uploads\/2020\/06\/V4-R\u00e9cup\u00e9r\u00e9-150x150.png",150,150,true],"medium":["https:\/\/rq-conseils.com\/wp-content\/uploads\/2020\/06\/V4-R\u00e9cup\u00e9r\u00e9-300x136.png",300,136,true],"medium_large":["https:\/\/rq-conseils.com\/wp-content\/uploads\/2020\/06\/V4-R\u00e9cup\u00e9r\u00e9-768x347.png",640,289,true],"large":["https:\/\/rq-conseils.com\/wp-content\/uploads\/2020\/06\/V4-R\u00e9cup\u00e9r\u00e9-1024x463.png",640,289,true],"1536x1536":["https:\/\/rq-conseils.com\/wp-content\/uploads\/2020\/06\/V4-R\u00e9cup\u00e9r\u00e9.png",1280,579,false],"2048x2048":["https:\/\/rq-conseils.com\/wp-content\/uploads\/2020\/06\/V4-R\u00e9cup\u00e9r\u00e9.png",1280,579,false],"trp-custom-language-flag":["https:\/\/rq-conseils.com\/wp-content\/uploads\/2020\/06\/V4-R\u00e9cup\u00e9r\u00e9.png",18,8,false],"qubely_landscape":["https:\/\/rq-conseils.com\/wp-content\/uploads\/2020\/06\/V4-R\u00e9cup\u00e9r\u00e9.png",1200,543,false],"qubely_portrait":["https:\/\/rq-conseils.com\/wp-content\/uploads\/2020\/06\/V4-R\u00e9cup\u00e9r\u00e9.png",540,244,false],"qubely_thumbnail":["https:\/\/rq-conseils.com\/wp-content\/uploads\/2020\/06\/V4-R\u00e9cup\u00e9r\u00e9.png",140,63,false],"ultp_layout_landscape_large":["https:\/\/rq-conseils.com\/wp-content\/uploads\/2020\/06\/V4-R\u00e9cup\u00e9r\u00e9-1200x579.png",1200,579,true],"ultp_layout_landscape":["https:\/\/rq-conseils.com\/wp-content\/uploads\/2020\/06\/V4-R\u00e9cup\u00e9r\u00e9-870x570.png",870,570,true],"ultp_layout_portrait":["https:\/\/rq-conseils.com\/wp-content\/uploads\/2020\/06\/V4-R\u00e9cup\u00e9r\u00e9-600x579.png",600,579,true],"ultp_layout_square":["https:\/\/rq-conseils.com\/wp-content\/uploads\/2020\/06\/V4-R\u00e9cup\u00e9r\u00e9-600x579.png",600,579,true],"purpose-featured-large":["https:\/\/rq-conseils.com\/wp-content\/uploads\/2020\/06\/V4-R\u00e9cup\u00e9r\u00e9.png",1280,579,false],"purpose-featured-medium":["https:\/\/rq-conseils.com\/wp-content\/uploads\/2020\/06\/V4-R\u00e9cup\u00e9r\u00e9.png",1280,579,false],"purpose-featured-small":["https:\/\/rq-conseils.com\/wp-content\/uploads\/2020\/06\/V4-R\u00e9cup\u00e9r\u00e9-960x434.png",960,434,true],"purpose-featured-square":["https:\/\/rq-conseils.com\/wp-content\/uploads\/2020\/06\/V4-R\u00e9cup\u00e9r\u00e9-720x579.png",720,579,true]},"post_excerpt_stackable_v2":"<p>RETROUVEZ TOUTES nOS ACTUALIT\u00c9S AU QUOTIDIEN Les assiettes de prime : HT ou TTC ?Les assiettes de prime sont effectivement exprim\u00e9es en HT ou en TTC selon le type de garantie&#8230;EN SAVOIR PLUS Jun 11, 2020 0L&rsquo;actualit\u00e9 : Le CoronavirusL\u2019absent\u00e9isme \u00ab forc\u00e9 \u00bb pour \u00e9viter toute propagation du virus aura-t-il un impact sur la prime d\u2019assurance ? EN SAVOIR PLUS Jun 11, 2020 0Mon contrat et moi : le 100% sant\u00e9Le 1er janvier, est entr\u00e9e en action la r\u00e9forme du 100% Sant\u00e9, pr\u00e9par\u00e9e largement en amont par les assureurs&#8230;EN SAVOIR PLUS Jun 11, 2020 0RQC f\u00eate ses 5 ans !Depuis&hellip;<\/p>\n","category_list_v2":"","author_info_v2":{"name":"Mulla","url":"https:\/\/rq-conseils.com\/english\/author\/mulla\/"},"comments_num_v2":"0 comments","featured_image_src":"https:\/\/rq-conseils.com\/wp-content\/uploads\/2020\/06\/V4-R\u00e9cup\u00e9r\u00e9.png","uagb_featured_image_src":{"full":["https:\/\/rq-conseils.com\/wp-content\/uploads\/2020\/06\/V4-R\u00e9cup\u00e9r\u00e9.png",1280,579,false],"thumbnail":["https:\/\/rq-conseils.com\/wp-content\/uploads\/2020\/06\/V4-R\u00e9cup\u00e9r\u00e9-150x150.png",150,150,true],"medium":["https:\/\/rq-conseils.com\/wp-content\/uploads\/2020\/06\/V4-R\u00e9cup\u00e9r\u00e9-300x136.png",300,136,true],"medium_large":["https:\/\/rq-conseils.com\/wp-content\/uploads\/2020\/06\/V4-R\u00e9cup\u00e9r\u00e9-768x347.png",640,289,true],"large":["https:\/\/rq-conseils.com\/wp-content\/uploads\/2020\/06\/V4-R\u00e9cup\u00e9r\u00e9-1024x463.png",640,289,true],"1536x1536":["https:\/\/rq-conseils.com\/wp-content\/uploads\/2020\/06\/V4-R\u00e9cup\u00e9r\u00e9.png",1280,579,false],"2048x2048":["https:\/\/rq-conseils.com\/wp-content\/uploads\/2020\/06\/V4-R\u00e9cup\u00e9r\u00e9.png",1280,579,false],"trp-custom-language-flag":["https:\/\/rq-conseils.com\/wp-content\/uploads\/2020\/06\/V4-R\u00e9cup\u00e9r\u00e9.png",18,8,false],"qubely_landscape":["https:\/\/rq-conseils.com\/wp-content\/uploads\/2020\/06\/V4-R\u00e9cup\u00e9r\u00e9.png",1200,543,false],"qubely_portrait":["https:\/\/rq-conseils.com\/wp-content\/uploads\/2020\/06\/V4-R\u00e9cup\u00e9r\u00e9.png",540,244,false],"qubely_thumbnail":["https:\/\/rq-conseils.com\/wp-content\/uploads\/2020\/06\/V4-R\u00e9cup\u00e9r\u00e9.png",140,63,false],"ultp_layout_landscape_large":["https:\/\/rq-conseils.com\/wp-content\/uploads\/2020\/06\/V4-R\u00e9cup\u00e9r\u00e9-1200x579.png",1200,579,true],"ultp_layout_landscape":["https:\/\/rq-conseils.com\/wp-content\/uploads\/2020\/06\/V4-R\u00e9cup\u00e9r\u00e9-870x570.png",870,570,true],"ultp_layout_portrait":["https:\/\/rq-conseils.com\/wp-content\/uploads\/2020\/06\/V4-R\u00e9cup\u00e9r\u00e9-600x579.png",600,579,true],"ultp_layout_square":["https:\/\/rq-conseils.com\/wp-content\/uploads\/2020\/06\/V4-R\u00e9cup\u00e9r\u00e9-600x579.png",600,579,true],"purpose-featured-large":["https:\/\/rq-conseils.com\/wp-content\/uploads\/2020\/06\/V4-R\u00e9cup\u00e9r\u00e9.png",1280,579,false],"purpose-featured-medium":["https:\/\/rq-conseils.com\/wp-content\/uploads\/2020\/06\/V4-R\u00e9cup\u00e9r\u00e9.png",1280,579,false],"purpose-featured-small":["https:\/\/rq-conseils.com\/wp-content\/uploads\/2020\/06\/V4-R\u00e9cup\u00e9r\u00e9-960x434.png",960,434,true],"purpose-featured-square":["https:\/\/rq-conseils.com\/wp-content\/uploads\/2020\/06\/V4-R\u00e9cup\u00e9r\u00e9-720x579.png",720,579,true]},"uagb_author_info":{"display_name":"Mulla","author_link":"https:\/\/rq-conseils.com\/english\/author\/mulla\/"},"uagb_comment_info":0,"uagb_excerpt":null,"coauthors":[],"author_meta":{"author_link":"https:\/\/rq-conseils.com\/english\/author\/mulla\/","display_name":"Mulla"},"relative_dates":{"created":"Posted 16 years ago","modified":"Updated 6 years ago"},"absolute_dates":{"created":"Posted on November 11, 2009","modified":"Updated on July 4, 2020"},"absolute_dates_time":{"created":"Posted on November 11, 2009 1:12 pm","modified":"Updated on July 4, 2020 1:28 pm"},"featured_img_caption":"","featured_img":"https:\/\/rq-conseils.com\/wp-content\/uploads\/2020\/06\/V4-R\u00e9cup\u00e9r\u00e9.png","series_order":"","_links":{"self":[{"href":"https:\/\/rq-conseils.com\/english\/wp-json\/wp\/v2\/pages\/17","targetHints":{"allow":["GET"]}}],"collection":[{"href":"https:\/\/rq-conseils.com\/english\/wp-json\/wp\/v2\/pages"}],"about":[{"href":"https:\/\/rq-conseils.com\/english\/wp-json\/wp\/v2\/types\/page"}],"author":[{"embeddable":true,"href":"https:\/\/rq-conseils.com\/english\/wp-json\/wp\/v2\/users\/1"}],"replies":[{"embeddable":true,"href":"https:\/\/rq-conseils.com\/english\/wp-json\/wp\/v2\/comments?post=17"}],"version-history":[{"count":56,"href":"https:\/\/rq-conseils.com\/english\/wp-json\/wp\/v2\/pages\/17\/revisions"}],"predecessor-version":[{"id":3890,"href":"https:\/\/rq-conseils.com\/english\/wp-json\/wp\/v2\/pages\/17\/revisions\/3890"}],"wp:featuredmedia":[{"embeddable":true,"href":"https:\/\/rq-conseils.com\/english\/wp-json\/wp\/v2\/media\/2058"}],"wp:attachment":[{"href":"https:\/\/rq-conseils.com\/english\/wp-json\/wp\/v2\/media?parent=17"}],"curies":[{"name":"wp","href":"https:\/\/api.w.org\/{rel}","templated":true}]}}