{"id":1946,"date":"2020-06-10T19:23:43","date_gmt":"2020-06-10T19:23:43","guid":{"rendered":"https:\/\/rq-conseils.com\/?page_id=1946"},"modified":"2020-06-25T08:03:51","modified_gmt":"2020-06-25T08:03:51","slug":"contacts","status":"publish","type":"page","link":"https:\/\/rq-conseils.com\/english\/contacts\/","title":{"rendered":"Contact us"},"content":{"rendered":"\n<div class=\"wp-block-ugb-feature-grid ugb-feature-grid animated swing slow ugb-4207a6f ugb-feature-grid--v2 ugb-feature-grid--columns-2 ugb-feature-grid--design-basic ugb-main-block\" id=\"\"><div class=\"ugb-inner-block\"><h4 class=\"ugb-block-title\">Pour nous rencontrer<\/h4><div class=\"ugb-block-content\"><div class=\"ugb-feature-grid__item ugb-feature-grid__item1 ugb--shadow-1\"><div class=\"ugb-feature-grid__content\"><h4 class=\"ugb-feature-grid__title\">Bureau \u00e0 Paris (Si\u00e8ge)<\/h4><p class=\"ugb-feature-grid__description\">Immeuble STARTWAY<br>43\/47, Avenue de la Grande Arm\u00e9e<br>75016 PARIS<br><strong>T\u00e9l\u00e9phone mobile <\/strong>: + 33 07 83 78 72 93<br><strong>Mail<\/strong> : contact@rq-conseils.fr<\/p><\/div><\/div><div class=\"ugb-feature-grid__item ugb-feature-grid__item2 ugb--shadow-1\"><div class=\"ugb-feature-grid__content\"><h4 class=\"ugb-feature-grid__title\">Bureau en Guadeloupe<\/h4><p class=\"ugb-feature-grid__description\">B\u00e2timent ALU technologie<br>Colin\u2019s Business<br>97170 Petit &#8211; Bourg (Guadeloupe)<\/p><\/div><\/div><\/div><\/div><\/div>\n\n\n\n<div style=\"height:20px\" aria-hidden=\"true\" class=\"wp-block-spacer\"><\/div>\n\n\n\n<div class=\"wp-block-ugb-feature-grid ugb-feature-grid ugb-edeae0b ugb-feature-grid--v2 ugb-feature-grid--columns-1 ugb-feature-grid--design-plain ugb-main-block\" id=\"\"><div class=\"ugb-inner-block\"><h4 class=\"ugb-block-title\">Envoyez un message<\/h4><div class=\"ugb-block-content\"><div class=\"ugb-feature-grid__item ugb-feature-grid__item1\"><div class=\"ugb-feature-grid__content\"><\/div><\/div><\/div><\/div><\/div>\n\n\n\n<div class=\"wp-block-group\"><div class=\"wp-block-group__inner-container is-layout-flow wp-block-group-is-layout-flow\">\n\t\t<div class=\"coblocks-form\" id=\"db55f1e45d7a7f63784adbaa69cbdcb1ebbbdfcc\">\n\n\t\t\t\n\t\t\t<form action=\"https:\/\/rq-conseils.com\/english\/contacts\/#db55f1e45d7a7f63784adbaa69cbdcb1ebbbdfcc\" method=\"post\">\n\t\t\t\t\n<label class=\"coblocks-label\">Nom <span class=\"required\">&#042;<\/span><\/label>\n\t\t<input type=\"hidden\" name=\"field-nom[label]\" value=\"Nom\">\n\n\t\t\t\t<input type=\"hidden\" id=\"name-field-id\" name=\"name-field-id\" class=\"coblocks-name-field-id\" value=\"field-nom\" \/>\n\t\t\n\t\t<input type=\"text\" id=\"nom\" name=\"field-nom[value]\" class=\"coblocks-field coblocks-field--name\" required \/>\n\n\t\t\n\n<label class=\"coblocks-label\">Email <span class=\"required\">&#042;<\/span><\/label>\n\t\t<input type=\"hidden\" name=\"field-email[label]\" value=\"Email\">\n\n\t\t\n\t\t<input type=\"hidden\" id=\"email-field-id\" name=\"email-field-id\" class=\"coblocks-email-field-id\" value=\"field-email\" \/>\n\t\t<input type=\"email\" id=\"email\" aria-label=\"Email\" name=\"field-email[value]\" class=\"coblocks-field coblocks-field--email\" required \/>\n\n\t\t\n\n<label class=\"coblocks-label\">Message <span class=\"required\">&#042;<\/span><\/label>\n\t\t<input type=\"hidden\" name=\"field-message[label]\" value=\"Message\">\n\n\t\t\n\t\t<textarea name=\"field-message[value]\" aria-label=\"Message\" id=\"message\" class=\"coblocks-field coblocks-textarea\" rows=\"20\" required><\/textarea>\n\n\t\t\n\n\n\t\t<div class=\"coblocks-form__submit wp-block-button\">\n\t\t\t<button type=\"submit\" class=\"wp-block-button__link\" style=\"background-color: #f9f9f9; color: #666666;\">Envoyer<\/button>\n\t\t\t<input type=\"hidden\" id=\"form-submit\" name=\"form-submit\" value=\"cb3e0095a8\" \/><input type=\"hidden\" name=\"_wp_http_referer\" value=\"\/english\/wp-json\/wp\/v2\/pages\/1946\" \/>\t\t\t<input type=\"hidden\" name=\"action\" value=\"coblocks-form-submit\">\n\n\t\t\t\t\t<\/div>\n\n\t\t\n\t\t\t\t<input class=\"coblocks-field verify\" aria-label=\"Enter your email address to verify\" type=\"email\" name=\"coblocks-verify-email\" autocomplete=\"off\" placeholder=\"Email\" tabindex=\"-1\">\n\t\t\t\t<input type=\"hidden\" name=\"form-hash\" value=\"db55f1e45d7a7f63784adbaa69cbdcb1ebbbdfcc\">\n\n\t\t\t\t\t\t\t<\/form>\n\n\t\t<\/div>\n\n\t\t<\/div><\/div>\n<style class=\"advgb-styles-renderer\">.ugb-4207a6f .ugb-feature-grid__item{border-radius:3px !important;background-color:#f9f9f9 !important}.ugb-4207a6f .ugb-feature-grid__item:before{background-color:#f9f9f9 !important}.ugb-4207a6f .ugb-feature-grid__title{color:#666666}.ugb-4207a6f .ugb-feature-grid__description{margin-bottom:-43px !important}.ugb-4207a6f .ugb-block-title{font-family:\"Montserrat\",Sans-serif !important;font-weight:400;color:#461a5c;margin-bottom:31px}.ugb-edeae0b .ugb-block-title{font-family:\"Montserrat\",Sans-serif !important;font-weight:400;color:#461a5c;margin-bottom:-11px}<\/style>","protected":false},"excerpt":{"rendered":"<p>Pour nous rencontrerBureau \u00e0 Paris (Si\u00e8ge)Immeuble STARTWAY43\/47, Avenue de la Grande Arm\u00e9e75016 PARIST\u00e9l\u00e9phone mobile : + 33 07 83 78 72 93Mail : contact@rq-conseils.frBureau en GuadeloupeB\u00e2timent ALU technologieColin\u2019s Business97170 Petit &#8211; Bourg (Guadeloupe) Envoyez un message<\/p>","protected":false},"author":1,"featured_media":1924,"parent":0,"menu_order":0,"comment_status":"closed","ping_status":"closed","template":"template-split.php","meta":{"qubely_global_settings":"","qubely_interactions":"","_editorskit_title_hidden":false,"_editorskit_reading_time":0,"_editorskit_is_block_options_detached":false,"_editorskit_block_options_position":"{}","_coblocks_attr":"","_coblocks_dimensions":"","_coblocks_responsive_height":"","_coblocks_accordion_ie_support":"","_crdt_document":"","_uag_custom_page_level_css":"","advgb_blocks_editor_width":"","advgb_blocks_columns_visual_guide":"","footnotes":""},"class_list":["post-1946","page","type-page","status-publish","has-post-thumbnail","hentry"],"featured_image_urls_v2":{"full":["https:\/\/rq-conseils.com\/wp-content\/uploads\/2020\/06\/top-view-of-people-at-the-meeting-3184287-scaled.jpg",1707,2560,false],"thumbnail":["https:\/\/rq-conseils.com\/wp-content\/uploads\/2020\/06\/top-view-of-people-at-the-meeting-3184287-150x150.jpg",150,150,true],"medium":["https:\/\/rq-conseils.com\/wp-content\/uploads\/2020\/06\/top-view-of-people-at-the-meeting-3184287-200x300.jpg",200,300,true],"medium_large":["https:\/\/rq-conseils.com\/wp-content\/uploads\/2020\/06\/top-view-of-people-at-the-meeting-3184287-768x1152.jpg",640,960,true],"large":["https:\/\/rq-conseils.com\/wp-content\/uploads\/2020\/06\/top-view-of-people-at-the-meeting-3184287-683x1024.jpg",640,960,true],"1536x1536":["https:\/\/rq-conseils.com\/wp-content\/uploads\/2020\/06\/top-view-of-people-at-the-meeting-3184287-1024x1536.jpg",1024,1536,true],"2048x2048":["https:\/\/rq-conseils.com\/wp-content\/uploads\/2020\/06\/top-view-of-people-at-the-meeting-3184287-1365x2048.jpg",1365,2048,true],"trp-custom-language-flag":["https:\/\/rq-conseils.com\/wp-content\/uploads\/2020\/06\/top-view-of-people-at-the-meeting-3184287-scaled.jpg",8,12,false],"qubely_landscape":["https:\/\/rq-conseils.com\/wp-content\/uploads\/2020\/06\/top-view-of-people-at-the-meeting-3184287-scaled.jpg",500,750,false],"qubely_portrait":["https:\/\/rq-conseils.com\/wp-content\/uploads\/2020\/06\/top-view-of-people-at-the-meeting-3184287-scaled.jpg",213,320,false],"qubely_thumbnail":["https:\/\/rq-conseils.com\/wp-content\/uploads\/2020\/06\/top-view-of-people-at-the-meeting-3184287-scaled.jpg",67,100,false],"ultp_layout_landscape_large":["https:\/\/rq-conseils.com\/wp-content\/uploads\/2020\/06\/top-view-of-people-at-the-meeting-3184287-1200x800.jpg",1200,800,true],"ultp_layout_landscape":["https:\/\/rq-conseils.com\/wp-content\/uploads\/2020\/06\/top-view-of-people-at-the-meeting-3184287-870x570.jpg",870,570,true],"ultp_layout_portrait":["https:\/\/rq-conseils.com\/wp-content\/uploads\/2020\/06\/top-view-of-people-at-the-meeting-3184287-600x900.jpg",600,900,true],"ultp_layout_square":["https:\/\/rq-conseils.com\/wp-content\/uploads\/2020\/06\/top-view-of-people-at-the-meeting-3184287-600x600.jpg",600,600,true],"purpose-featured-large":["https:\/\/rq-conseils.com\/wp-content\/uploads\/2020\/06\/top-view-of-people-at-the-meeting-3184287-1067x1600.jpg",1067,1600,true],"purpose-featured-medium":["https:\/\/rq-conseils.com\/wp-content\/uploads\/2020\/06\/top-view-of-people-at-the-meeting-3184287-800x1200.jpg",800,1200,true],"purpose-featured-small":["https:\/\/rq-conseils.com\/wp-content\/uploads\/2020\/06\/top-view-of-people-at-the-meeting-3184287-640x960.jpg",640,960,true],"purpose-featured-square":["https:\/\/rq-conseils.com\/wp-content\/uploads\/2020\/06\/top-view-of-people-at-the-meeting-3184287-720x720.jpg",720,720,true]},"post_excerpt_stackable_v2":"<p>Pour nous rencontrerBureau \u00e0 Paris (Si\u00e8ge)Immeuble STARTWAY43\/47, Avenue de la Grande Arm\u00e9e75016 PARIST\u00e9l\u00e9phone mobile : + 33 07 83 78 72 93Mail : contact@rq-conseils.frBureau en GuadeloupeB\u00e2timent ALU technologieColin\u2019s Business97170 Petit &#8211; Bourg (Guadeloupe) Envoyez un message Nom &#042; Email &#042; Message &#042; Envoyer<\/p>\n","category_list_v2":"","author_info_v2":{"name":"Mulla","url":"https:\/\/rq-conseils.com\/english\/author\/mulla\/"},"comments_num_v2":"0 comments","featured_image_src":"https:\/\/rq-conseils.com\/wp-content\/uploads\/2020\/06\/top-view-of-people-at-the-meeting-3184287-scaled.jpg","uagb_featured_image_src":{"full":["https:\/\/rq-conseils.com\/wp-content\/uploads\/2020\/06\/top-view-of-people-at-the-meeting-3184287-scaled.jpg",1707,2560,false],"thumbnail":["https:\/\/rq-conseils.com\/wp-content\/uploads\/2020\/06\/top-view-of-people-at-the-meeting-3184287-150x150.jpg",150,150,true],"medium":["https:\/\/rq-conseils.com\/wp-content\/uploads\/2020\/06\/top-view-of-people-at-the-meeting-3184287-200x300.jpg",200,300,true],"medium_large":["https:\/\/rq-conseils.com\/wp-content\/uploads\/2020\/06\/top-view-of-people-at-the-meeting-3184287-768x1152.jpg",640,960,true],"large":["https:\/\/rq-conseils.com\/wp-content\/uploads\/2020\/06\/top-view-of-people-at-the-meeting-3184287-683x1024.jpg",640,960,true],"1536x1536":["https:\/\/rq-conseils.com\/wp-content\/uploads\/2020\/06\/top-view-of-people-at-the-meeting-3184287-1024x1536.jpg",1024,1536,true],"2048x2048":["https:\/\/rq-conseils.com\/wp-content\/uploads\/2020\/06\/top-view-of-people-at-the-meeting-3184287-1365x2048.jpg",1365,2048,true],"trp-custom-language-flag":["https:\/\/rq-conseils.com\/wp-content\/uploads\/2020\/06\/top-view-of-people-at-the-meeting-3184287-scaled.jpg",8,12,false],"qubely_landscape":["https:\/\/rq-conseils.com\/wp-content\/uploads\/2020\/06\/top-view-of-people-at-the-meeting-3184287-scaled.jpg",500,750,false],"qubely_portrait":["https:\/\/rq-conseils.com\/wp-content\/uploads\/2020\/06\/top-view-of-people-at-the-meeting-3184287-scaled.jpg",213,320,false],"qubely_thumbnail":["https:\/\/rq-conseils.com\/wp-content\/uploads\/2020\/06\/top-view-of-people-at-the-meeting-3184287-scaled.jpg",67,100,false],"ultp_layout_landscape_large":["https:\/\/rq-conseils.com\/wp-content\/uploads\/2020\/06\/top-view-of-people-at-the-meeting-3184287-1200x800.jpg",1200,800,true],"ultp_layout_landscape":["https:\/\/rq-conseils.com\/wp-content\/uploads\/2020\/06\/top-view-of-people-at-the-meeting-3184287-870x570.jpg",870,570,true],"ultp_layout_portrait":["https:\/\/rq-conseils.com\/wp-content\/uploads\/2020\/06\/top-view-of-people-at-the-meeting-3184287-600x900.jpg",600,900,true],"ultp_layout_square":["https:\/\/rq-conseils.com\/wp-content\/uploads\/2020\/06\/top-view-of-people-at-the-meeting-3184287-600x600.jpg",600,600,true],"purpose-featured-large":["https:\/\/rq-conseils.com\/wp-content\/uploads\/2020\/06\/top-view-of-people-at-the-meeting-3184287-1067x1600.jpg",1067,1600,true],"purpose-featured-medium":["https:\/\/rq-conseils.com\/wp-content\/uploads\/2020\/06\/top-view-of-people-at-the-meeting-3184287-800x1200.jpg",800,1200,true],"purpose-featured-small":["https:\/\/rq-conseils.com\/wp-content\/uploads\/2020\/06\/top-view-of-people-at-the-meeting-3184287-640x960.jpg",640,960,true],"purpose-featured-square":["https:\/\/rq-conseils.com\/wp-content\/uploads\/2020\/06\/top-view-of-people-at-the-meeting-3184287-720x720.jpg",720,720,true]},"uagb_author_info":{"display_name":"Mulla","author_link":"https:\/\/rq-conseils.com\/english\/author\/mulla\/"},"uagb_comment_info":0,"uagb_excerpt":"Pour nous rencontrerBureau \u00e0 Paris (Si\u00e8ge)Immeuble STARTWAY43\/47, Avenue de la Grande Arm\u00e9e75016 PARIST\u00e9l\u00e9phone mobile : + 33 07 83 78 72 93Mail : contact@rq-conseils.frBureau en GuadeloupeB\u00e2timent ALU technologieColin\u2019s Business97170 Petit &#8211; Bourg (Guadeloupe) Envoyez un message","coauthors":[],"author_meta":{"author_link":"https:\/\/rq-conseils.com\/english\/author\/mulla\/","display_name":"Mulla"},"relative_dates":{"created":"Posted 6 years ago","modified":"Updated 6 years ago"},"absolute_dates":{"created":"Posted on June 10, 2020","modified":"Updated on June 25, 2020"},"absolute_dates_time":{"created":"Posted on June 10, 2020 7:23 pm","modified":"Updated on June 25, 2020 8:03 am"},"featured_img_caption":"","featured_img":"https:\/\/rq-conseils.com\/wp-content\/uploads\/2020\/06\/top-view-of-people-at-the-meeting-3184287-scaled.jpg","series_order":"","_links":{"self":[{"href":"https:\/\/rq-conseils.com\/english\/wp-json\/wp\/v2\/pages\/1946","targetHints":{"allow":["GET"]}}],"collection":[{"href":"https:\/\/rq-conseils.com\/english\/wp-json\/wp\/v2\/pages"}],"about":[{"href":"https:\/\/rq-conseils.com\/english\/wp-json\/wp\/v2\/types\/page"}],"author":[{"embeddable":true,"href":"https:\/\/rq-conseils.com\/english\/wp-json\/wp\/v2\/users\/1"}],"replies":[{"embeddable":true,"href":"https:\/\/rq-conseils.com\/english\/wp-json\/wp\/v2\/comments?post=1946"}],"version-history":[{"count":41,"href":"https:\/\/rq-conseils.com\/english\/wp-json\/wp\/v2\/pages\/1946\/revisions"}],"predecessor-version":[{"id":3751,"href":"https:\/\/rq-conseils.com\/english\/wp-json\/wp\/v2\/pages\/1946\/revisions\/3751"}],"wp:featuredmedia":[{"embeddable":true,"href":"https:\/\/rq-conseils.com\/english\/wp-json\/wp\/v2\/media\/1924"}],"wp:attachment":[{"href":"https:\/\/rq-conseils.com\/english\/wp-json\/wp\/v2\/media?parent=1946"}],"curies":[{"name":"wp","href":"https:\/\/api.w.org\/{rel}","templated":true}]}}