{"id":23,"date":"2009-11-11T13:16:08","date_gmt":"2009-11-11T13:16:08","guid":{"rendered":"http:\/\/organicthemes.com\/demo\/magazine\/?page_id=23"},"modified":"2020-06-23T21:55:42","modified_gmt":"2020-06-23T21:55:42","slug":"notre-expertise","status":"publish","type":"page","link":"https:\/\/rq-conseils.com\/english\/notre-expertise\/","title":{"rendered":"Our areas of expertise"},"content":{"rendered":"<div class=\"wp-block-coblocks-media-card alignfull is-style-left is-stacked-on-mobile coblocks-media-card-599182716\"><div class=\"wp-block-coblocks-media-card__inner has-padding has-huge-padding\"><div class=\"wp-block-coblocks-media-card__wrapper\" style=\"max-width:1131px\"><figure class=\"wp-block-coblocks-media-card__media has-shadow\"><img loading=\"lazy\" decoding=\"async\" width=\"1024\" height=\"683\" src=\"https:\/\/rq-conseils.com\/wp-content\/uploads\/2020\/06\/right-4703922_1920-1-1024x683.jpg\" alt=\"\" class=\"wp-image-1457\" srcset=\"https:\/\/rq-conseils.com\/wp-content\/uploads\/2020\/06\/right-4703922_1920-1-1024x683.jpg 1024w, https:\/\/rq-conseils.com\/wp-content\/uploads\/2020\/06\/right-4703922_1920-1-300x200.jpg 300w, https:\/\/rq-conseils.com\/wp-content\/uploads\/2020\/06\/right-4703922_1920-1-768x512.jpg 768w, https:\/\/rq-conseils.com\/wp-content\/uploads\/2020\/06\/right-4703922_1920-1-1536x1024.jpg 1536w, https:\/\/rq-conseils.com\/wp-content\/uploads\/2020\/06\/right-4703922_1920-1-1200x800.jpg 1200w, https:\/\/rq-conseils.com\/wp-content\/uploads\/2020\/06\/right-4703922_1920-1-1800x1200.jpg 1800w, https:\/\/rq-conseils.com\/wp-content\/uploads\/2020\/06\/right-4703922_1920-1-960x640.jpg 960w, https:\/\/rq-conseils.com\/wp-content\/uploads\/2020\/06\/right-4703922_1920-1.jpg 1920w\" sizes=\"auto, (max-width: 1024px) 100vw, 1024px\" \/><\/figure><div class=\"wp-block-coblocks-media-card__content has-shadow\">\n<div class=\"wp-block-coblocks-row coblocks-row-599182865 animated fadeInRight delay-1s\" data-columns=\"1\" data-layout=\"100\"><div class=\"wp-block-coblocks-row__inner has-white-background-color has-background has-medium-gutter has-no-padding has-no-margin is-stacked-on-mobile\">\n<div class=\"wp-block-coblocks-column coblocks-column-599182869\" style=\"width:100%\"><div class=\"wp-block-coblocks-column__inner has-padding has-margin has-small-padding has-small-margin\">\n<h4 class=\"has-text-align-center has-text-color wp-block-heading\" style=\"line-height:1.5;color:#592556\">Public Procurement<\/h4>\n\n\n\n<p class=\"has-text-align-center has-text-color has-custom-font has-custom-weight has-custom-transform wp-block-paragraph\" style=\"font-size:17px;color:#666666;font-family:Montserrat;font-weight:normal;text-transform:initial\">Public Procurement Code<br>Jurisprudence<br>Good Practice Guide<br>Legal monitoring<\/p>\n\n\n\n<div style=\"height:20px\" aria-hidden=\"true\" class=\"wp-block-spacer\"><\/div>\n<\/div><\/div>\n<\/div><\/div>\n<\/div><\/div><\/div><\/div>\n\n\n\n<div style=\"height:20px\" aria-hidden=\"true\" class=\"wp-block-spacer\"><\/div>\n\n\n\n<div class=\"wp-block-coblocks-media-card alignfull is-style-left is-stacked-on-mobile coblocks-media-card-599182716\"><div class=\"wp-block-coblocks-media-card__inner has-padding has-huge-padding\"><div class=\"wp-block-coblocks-media-card__wrapper\" style=\"max-width:1131px\"><figure class=\"wp-block-coblocks-media-card__media has-shadow\"><img loading=\"lazy\" decoding=\"async\" width=\"626\" height=\"417\" src=\"https:\/\/rq-conseils.com\/wp-content\/uploads\/2020\/06\/homme-affaires-arret-effet-domino-blocs-bois-ses-mains_102644-68.jpg\" alt=\"\" class=\"wp-image-1459\" srcset=\"https:\/\/rq-conseils.com\/wp-content\/uploads\/2020\/06\/homme-affaires-arret-effet-domino-blocs-bois-ses-mains_102644-68.jpg 626w, https:\/\/rq-conseils.com\/wp-content\/uploads\/2020\/06\/homme-affaires-arret-effet-domino-blocs-bois-ses-mains_102644-68-300x200.jpg 300w\" sizes=\"auto, (max-width: 626px) 100vw, 626px\" \/><\/figure><div class=\"wp-block-coblocks-media-card__content has-shadow\">\n<div class=\"wp-block-coblocks-row coblocks-row-599182865 animated fadeInRight\" data-columns=\"1\" data-layout=\"100\"><div class=\"wp-block-coblocks-row__inner has-white-background-color has-background has-medium-gutter has-no-padding has-no-margin is-stacked-on-mobile\">\n<div class=\"wp-block-coblocks-column coblocks-column-599182869\" style=\"width:100%\"><div class=\"wp-block-coblocks-column__inner has-padding has-margin has-small-padding has-small-margin\">\n<h4 class=\"has-text-align-center has-text-color wp-block-heading\" style=\"color:#592556\">Proprety and Casualty Insurance <strong> <\/strong><\/h4>\n\n\n\n<p class=\"has-text-align-center has-text-color has-custom-font has-custom-weight has-custom-transform wp-block-paragraph\" style=\"font-size:17px;color:#666666;font-family:Montserrat;font-weight:normal;text-transform:initial\">Liability Insurance<br>Property and Casualty Insurance<br>Cyber Risk<\/p>\n\n\n\n<div style=\"height:32px\" aria-hidden=\"true\" class=\"wp-block-spacer\"><\/div>\n<\/div><\/div>\n<\/div><\/div>\n<\/div><\/div><\/div><\/div>\n\n\n\n<div style=\"height:20px\" aria-hidden=\"true\" class=\"wp-block-spacer\"><\/div>\n\n\n\n<div class=\"wp-block-coblocks-media-card alignfull is-style-left is-stacked-on-mobile coblocks-media-card-599182716\"><div class=\"wp-block-coblocks-media-card__inner has-padding has-huge-padding\"><div class=\"wp-block-coblocks-media-card__wrapper\" style=\"max-width:1131px\"><figure class=\"wp-block-coblocks-media-card__media has-shadow\"><img loading=\"lazy\" decoding=\"async\" width=\"1024\" height=\"683\" src=\"https:\/\/rq-conseils.com\/wp-content\/uploads\/2020\/06\/573807-PLOMI9-996-1024x683.jpg\" alt=\"\" class=\"wp-image-1494\" srcset=\"https:\/\/rq-conseils.com\/wp-content\/uploads\/2020\/06\/573807-PLOMI9-996-1024x683.jpg 1024w, https:\/\/rq-conseils.com\/wp-content\/uploads\/2020\/06\/573807-PLOMI9-996-300x200.jpg 300w, https:\/\/rq-conseils.com\/wp-content\/uploads\/2020\/06\/573807-PLOMI9-996-768x512.jpg 768w, https:\/\/rq-conseils.com\/wp-content\/uploads\/2020\/06\/573807-PLOMI9-996-1536x1024.jpg 1536w, https:\/\/rq-conseils.com\/wp-content\/uploads\/2020\/06\/573807-PLOMI9-996-2048x1365.jpg 2048w, https:\/\/rq-conseils.com\/wp-content\/uploads\/2020\/06\/573807-PLOMI9-996-1200x800.jpg 1200w, https:\/\/rq-conseils.com\/wp-content\/uploads\/2020\/06\/573807-PLOMI9-996-1800x1200.jpg 1800w, https:\/\/rq-conseils.com\/wp-content\/uploads\/2020\/06\/573807-PLOMI9-996-960x640.jpg 960w\" sizes=\"auto, (max-width: 1024px) 100vw, 1024px\" \/><\/figure><div class=\"wp-block-coblocks-media-card__content has-shadow\">\n<div class=\"wp-block-coblocks-row coblocks-row-599182865 animated fadeInRight\" data-columns=\"1\" data-layout=\"100\"><div class=\"wp-block-coblocks-row__inner has-white-background-color has-background has-medium-gutter has-padding has-huge-padding has-no-margin is-stacked-on-mobile\">\n<div class=\"wp-block-coblocks-column coblocks-column-599182869\" style=\"width:100%\"><div class=\"wp-block-coblocks-column__inner has-no-padding has-no-margin\">\n<h4 class=\"has-text-align-center has-text-color wp-block-heading\" style=\"color:#592556\">Health and Provident Insurance <\/h4>\n\n\n\n<p class=\"has-text-align-center has-text-color has-custom-font has-custom-weight has-custom-transform wp-block-paragraph\" style=\"font-size:17px;color:#666666;font-family:Montserrat;font-weight:normal;text-transform:initial\">Group contract with<br>compulsory membership<br>Optional contract<br>for civil servants<\/p>\n<\/div><\/div>\n<\/div><\/div>\n<\/div><\/div><\/div><\/div>\n\n\n\n<div style=\"height:20px\" aria-hidden=\"true\" class=\"wp-block-spacer\"><\/div>\n\n\n\n<div class=\"wp-block-coblocks-media-card alignfull is-style-left is-stacked-on-mobile coblocks-media-card-599182716\"><div class=\"wp-block-coblocks-media-card__inner has-padding has-huge-padding\"><div class=\"wp-block-coblocks-media-card__wrapper\" style=\"max-width:1131px\"><figure class=\"wp-block-coblocks-media-card__media has-shadow\"><img loading=\"lazy\" decoding=\"async\" width=\"1024\" height=\"683\" src=\"https:\/\/rq-conseils.com\/wp-content\/uploads\/2020\/06\/86-1024x683.jpg\" alt=\"\" class=\"wp-image-1461\" srcset=\"https:\/\/rq-conseils.com\/wp-content\/uploads\/2020\/06\/86-1024x683.jpg 1024w, https:\/\/rq-conseils.com\/wp-content\/uploads\/2020\/06\/86-300x200.jpg 300w, https:\/\/rq-conseils.com\/wp-content\/uploads\/2020\/06\/86-768x512.jpg 768w, https:\/\/rq-conseils.com\/wp-content\/uploads\/2020\/06\/86-1536x1024.jpg 1536w, https:\/\/rq-conseils.com\/wp-content\/uploads\/2020\/06\/86-2048x1365.jpg 2048w, https:\/\/rq-conseils.com\/wp-content\/uploads\/2020\/06\/86-1200x800.jpg 1200w, https:\/\/rq-conseils.com\/wp-content\/uploads\/2020\/06\/86-1800x1200.jpg 1800w, https:\/\/rq-conseils.com\/wp-content\/uploads\/2020\/06\/86-960x640.jpg 960w\" sizes=\"auto, (max-width: 1024px) 100vw, 1024px\" \/><\/figure><div class=\"wp-block-coblocks-media-card__content has-shadow\">\n<div class=\"wp-block-coblocks-row coblocks-row-599182865 animated fadeInRight\" data-columns=\"1\" data-layout=\"100\"><div class=\"wp-block-coblocks-row__inner has-white-background-color has-background has-medium-gutter has-padding has-small-padding has-no-margin is-stacked-on-mobile\">\n<div class=\"wp-block-coblocks-column coblocks-column-599182869\" style=\"width:100%\"><div class=\"wp-block-coblocks-column__inner has-no-padding has-no-margin\">\n<h4 class=\"has-text-align-center has-text-color wp-block-heading\" style=\"color:#592556\">Construction Insurance <\/h4>\n\n\n\n<p class=\"has-text-align-center has-text-color has-custom-font has-custom-weight has-custom-transform wp-block-paragraph\" style=\"font-size:17px;color:#666666;font-family:Montserrat;font-weight:normal;text-transform:initial\">All risks Construction site<br>Assembly Testing<br>Insurance against construction defects<br>Ten-year collective responsibility contract<br>Civil Liability Of Project Owner<\/p>\n<\/div><\/div>\n<\/div><\/div>\n<\/div><\/div><\/div><\/div>\n\n\n\n<p class=\"wp-block-paragraph\"><\/p>","protected":false},"excerpt":{"rendered":"","protected":false},"author":1,"featured_media":1584,"parent":0,"menu_order":2,"comment_status":"closed","ping_status":"closed","template":"","meta":{"qubely_global_settings":"","qubely_interactions":"","_editorskit_title_hidden":false,"_editorskit_reading_time":0,"_editorskit_is_block_options_detached":false,"_editorskit_block_options_position":"{}","_coblocks_attr":"Montserrat","_coblocks_dimensions":"{\"coblocks-media-card-599182716\":{\"padding\":{\"paddingTop\":null,\"paddingRight\":null,\"paddingBottom\":null,\"paddingLeft\":null,\"paddingTopTablet\":null,\"paddingRightTablet\":null,\"paddingBottomTablet\":null,\"paddingLeftTablet\":null,\"paddingTopMobile\":null,\"paddingRightMobile\":null,\"paddingBottomMobile\":null,\"paddingLeftMobile\":null}}}","_coblocks_responsive_height":"","_coblocks_accordion_ie_support":"","_crdt_document":"","_uag_custom_page_level_css":"","advgb_blocks_editor_width":"","advgb_blocks_columns_visual_guide":"","footnotes":""},"class_list":["post-23","page","type-page","status-publish","has-post-thumbnail","hentry"],"featured_image_urls_v2":{"full":["https:\/\/rq-conseils.com\/wp-content\/uploads\/2020\/06\/V2-2.png",1280,579,false],"thumbnail":["https:\/\/rq-conseils.com\/wp-content\/uploads\/2020\/06\/V2-2-150x150.png",150,150,true],"medium":["https:\/\/rq-conseils.com\/wp-content\/uploads\/2020\/06\/V2-2-300x136.png",300,136,true],"medium_large":["https:\/\/rq-conseils.com\/wp-content\/uploads\/2020\/06\/V2-2-768x347.png",640,289,true],"large":["https:\/\/rq-conseils.com\/wp-content\/uploads\/2020\/06\/V2-2-1024x463.png",640,289,true],"1536x1536":["https:\/\/rq-conseils.com\/wp-content\/uploads\/2020\/06\/V2-2.png",1280,579,false],"2048x2048":["https:\/\/rq-conseils.com\/wp-content\/uploads\/2020\/06\/V2-2.png",1280,579,false],"trp-custom-language-flag":["https:\/\/rq-conseils.com\/wp-content\/uploads\/2020\/06\/V2-2.png",18,8,false],"qubely_landscape":["https:\/\/rq-conseils.com\/wp-content\/uploads\/2020\/06\/V2-2.png",1200,543,false],"qubely_portrait":["https:\/\/rq-conseils.com\/wp-content\/uploads\/2020\/06\/V2-2.png",540,244,false],"qubely_thumbnail":["https:\/\/rq-conseils.com\/wp-content\/uploads\/2020\/06\/V2-2.png",140,63,false],"ultp_layout_landscape_large":["https:\/\/rq-conseils.com\/wp-content\/uploads\/2020\/06\/V2-2-1200x579.png",1200,579,true],"ultp_layout_landscape":["https:\/\/rq-conseils.com\/wp-content\/uploads\/2020\/06\/V2-2-870x570.png",870,570,true],"ultp_layout_portrait":["https:\/\/rq-conseils.com\/wp-content\/uploads\/2020\/06\/V2-2-600x579.png",600,579,true],"ultp_layout_square":["https:\/\/rq-conseils.com\/wp-content\/uploads\/2020\/06\/V2-2-600x579.png",600,579,true],"purpose-featured-large":["https:\/\/rq-conseils.com\/wp-content\/uploads\/2020\/06\/V2-2.png",1280,579,false],"purpose-featured-medium":["https:\/\/rq-conseils.com\/wp-content\/uploads\/2020\/06\/V2-2.png",1280,579,false],"purpose-featured-small":["https:\/\/rq-conseils.com\/wp-content\/uploads\/2020\/06\/V2-2-960x434.png",960,434,true],"purpose-featured-square":["https:\/\/rq-conseils.com\/wp-content\/uploads\/2020\/06\/V2-2-720x579.png",720,579,true]},"post_excerpt_stackable_v2":"<p>March\u00e9s publics Code la commande publiqueJurisprudenceGuide des bonnes pratiquesVeille juridique Assurances IARD Assurance de Responsabilit\u00e9sAssurance de DommagesCyber Risk Assurances sant\u00e9 et pr\u00e9voyance Contrat groupe \u00e0adh\u00e9sion obligatoireContrat \u00e0 adh\u00e9sion facultativepour les fonctionnaires Assurances construction Tous risques ChantierMontage EssaisDommages OuvrageContrat collectif de responsabilit\u00e9 d\u00e9cennaleRC Ma\u00eetre d\u2019ouvrage<\/p>\n","category_list_v2":"","author_info_v2":{"name":"Mulla","url":"https:\/\/rq-conseils.com\/english\/author\/mulla\/"},"comments_num_v2":"0 comments","featured_image_src":"https:\/\/rq-conseils.com\/wp-content\/uploads\/2020\/06\/V2-2.png","uagb_featured_image_src":{"full":["https:\/\/rq-conseils.com\/wp-content\/uploads\/2020\/06\/V2-2.png",1280,579,false],"thumbnail":["https:\/\/rq-conseils.com\/wp-content\/uploads\/2020\/06\/V2-2-150x150.png",150,150,true],"medium":["https:\/\/rq-conseils.com\/wp-content\/uploads\/2020\/06\/V2-2-300x136.png",300,136,true],"medium_large":["https:\/\/rq-conseils.com\/wp-content\/uploads\/2020\/06\/V2-2-768x347.png",640,289,true],"large":["https:\/\/rq-conseils.com\/wp-content\/uploads\/2020\/06\/V2-2-1024x463.png",640,289,true],"1536x1536":["https:\/\/rq-conseils.com\/wp-content\/uploads\/2020\/06\/V2-2.png",1280,579,false],"2048x2048":["https:\/\/rq-conseils.com\/wp-content\/uploads\/2020\/06\/V2-2.png",1280,579,false],"trp-custom-language-flag":["https:\/\/rq-conseils.com\/wp-content\/uploads\/2020\/06\/V2-2.png",18,8,false],"qubely_landscape":["https:\/\/rq-conseils.com\/wp-content\/uploads\/2020\/06\/V2-2.png",1200,543,false],"qubely_portrait":["https:\/\/rq-conseils.com\/wp-content\/uploads\/2020\/06\/V2-2.png",540,244,false],"qubely_thumbnail":["https:\/\/rq-conseils.com\/wp-content\/uploads\/2020\/06\/V2-2.png",140,63,false],"ultp_layout_landscape_large":["https:\/\/rq-conseils.com\/wp-content\/uploads\/2020\/06\/V2-2-1200x579.png",1200,579,true],"ultp_layout_landscape":["https:\/\/rq-conseils.com\/wp-content\/uploads\/2020\/06\/V2-2-870x570.png",870,570,true],"ultp_layout_portrait":["https:\/\/rq-conseils.com\/wp-content\/uploads\/2020\/06\/V2-2-600x579.png",600,579,true],"ultp_layout_square":["https:\/\/rq-conseils.com\/wp-content\/uploads\/2020\/06\/V2-2-600x579.png",600,579,true],"purpose-featured-large":["https:\/\/rq-conseils.com\/wp-content\/uploads\/2020\/06\/V2-2.png",1280,579,false],"purpose-featured-medium":["https:\/\/rq-conseils.com\/wp-content\/uploads\/2020\/06\/V2-2.png",1280,579,false],"purpose-featured-small":["https:\/\/rq-conseils.com\/wp-content\/uploads\/2020\/06\/V2-2-960x434.png",960,434,true],"purpose-featured-square":["https:\/\/rq-conseils.com\/wp-content\/uploads\/2020\/06\/V2-2-720x579.png",720,579,true]},"uagb_author_info":{"display_name":"Mulla","author_link":"https:\/\/rq-conseils.com\/english\/author\/mulla\/"},"uagb_comment_info":0,"uagb_excerpt":null,"coauthors":[],"author_meta":{"author_link":"https:\/\/rq-conseils.com\/english\/author\/mulla\/","display_name":"Mulla"},"relative_dates":{"created":"Posted 16 years ago","modified":"Updated 6 years ago"},"absolute_dates":{"created":"Posted on November 11, 2009","modified":"Updated on June 23, 2020"},"absolute_dates_time":{"created":"Posted on November 11, 2009 1:16 pm","modified":"Updated on June 23, 2020 9:55 pm"},"featured_img_caption":"","featured_img":"https:\/\/rq-conseils.com\/wp-content\/uploads\/2020\/06\/V2-2.png","series_order":"","_links":{"self":[{"href":"https:\/\/rq-conseils.com\/english\/wp-json\/wp\/v2\/pages\/23","targetHints":{"allow":["GET"]}}],"collection":[{"href":"https:\/\/rq-conseils.com\/english\/wp-json\/wp\/v2\/pages"}],"about":[{"href":"https:\/\/rq-conseils.com\/english\/wp-json\/wp\/v2\/types\/page"}],"author":[{"embeddable":true,"href":"https:\/\/rq-conseils.com\/english\/wp-json\/wp\/v2\/users\/1"}],"replies":[{"embeddable":true,"href":"https:\/\/rq-conseils.com\/english\/wp-json\/wp\/v2\/comments?post=23"}],"version-history":[{"count":83,"href":"https:\/\/rq-conseils.com\/english\/wp-json\/wp\/v2\/pages\/23\/revisions"}],"predecessor-version":[{"id":3534,"href":"https:\/\/rq-conseils.com\/english\/wp-json\/wp\/v2\/pages\/23\/revisions\/3534"}],"wp:featuredmedia":[{"embeddable":true,"href":"https:\/\/rq-conseils.com\/english\/wp-json\/wp\/v2\/media\/1584"}],"wp:attachment":[{"href":"https:\/\/rq-conseils.com\/english\/wp-json\/wp\/v2\/media?parent=23"}],"curies":[{"name":"wp","href":"https:\/\/api.w.org\/{rel}","templated":true}]}}