{"id":843,"date":"2014-06-15T02:04:04","date_gmt":"2014-06-15T02:04:04","guid":{"rendered":"http:\/\/organicthemes.com\/demo\/purpose\/?page_id=843"},"modified":"2020-09-11T13:52:01","modified_gmt":"2020-09-11T13:52:01","slug":"what-we-do","status":"publish","type":"page","link":"https:\/\/rq-conseils.com\/english\/what-we-do\/","title":{"rendered":"Nos domaines d&rsquo;intervention homepage"},"content":{"rendered":"\n<div class=\"wp-block-group alignfull animated fadeIn\"><div class=\"wp-block-group__inner-container is-layout-flow wp-block-group-is-layout-flow\">\n<div class=\"wp-block-group alignfull animated fadeIn slower\"><div class=\"wp-block-group__inner-container is-layout-flow wp-block-group-is-layout-flow\">\n<div class=\"wp-block-jetpack-layout-grid alignfull column1-desktop-grid__span-10 column1-desktop-grid__start-2 column1-desktop-grid__row-1 column1-tablet-grid__span-6 column1-tablet-grid__start-2 column1-tablet-grid__row-1 column1-mobile-grid__span-2 column1-mobile-grid__start-2 column1-mobile-grid__row-1 wp-block-jetpack-layout-gutter__nowrap wp-block-jetpack-layout-gutter__none\">\n<div class=\"wp-block-jetpack-layout-grid-column wp-block-jetpack-layout-grid__padding-none\">\n<h1 class=\"has-text-align-center wp-block-heading\">Nos domaines d&rsquo;intervention<\/h1>\n<\/div>\n<\/div>\n\n\n\n<div style=\"height:20px\" aria-hidden=\"true\" class=\"wp-block-spacer\"><\/div>\n\n\n\n<div class=\"wp-block-jetpack-layout-grid alignfull column1-desktop-grid__span-10 column1-desktop-grid__start-2 column1-desktop-grid__row-1 column1-tablet-grid__span-6 column1-tablet-grid__start-2 column1-tablet-grid__row-1 column1-mobile-grid__span-2 column1-mobile-grid__start-2 column1-mobile-grid__row-1 wp-block-jetpack-layout-gutter__nowrap wp-block-jetpack-layout-gutter__none has-tablet-text-align-justify\">\n<div class=\"wp-block-jetpack-layout-grid-column wp-block-jetpack-layout-grid__padding-none\">\n<p class=\"has-text-align-center has-custom-font wp-block-paragraph\" style=\"font-size:17px;font-family:Montserrat\"><span style=\"color: #666666;\" class=\"ugb-highlight\">Sp\u00e9cialis\u00e9 en Assurance Construction (Tous Risques Chantier, Responsabilit\u00e9 Civile du Ma\u00eetre d\u2019Ouvrage, Dommages Ouvrage), Risques d\u2019exploitation (Dommages aux Biens, Responsabilit\u00e9 Civile G\u00e9n\u00e9rale et Hospitali\u00e8re, Flotte Automobile, Protection Juridique, Risques Grands comptes\u2026) et Assurance de personnes (Pr\u00e9voyance et Sant\u00e9), notre mission<\/span> <span style=\"color: #666666;\" class=\"ugb-highlight\">est de vous assister dans la mise en place de vos strat\u00e9gies d\u2019achats d\u2019assurances<\/span>.<\/p>\n<\/div>\n<\/div>\n\n\n\n<div style=\"height:20px\" aria-hidden=\"true\" class=\"wp-block-spacer\"><\/div>\n\n\n\n<div class=\"wp-block-buttons aligncenter is-layout-flex wp-block-buttons-is-layout-flex\">\n<div class=\"wp-block-button is-style-outline has-custom-font has-custom-weight has-custom-letterspacing is-style-outline--1\" style=\"font-family:Montserrat;font-weight:400;letter-spacing:1.2px;font-size:15px\"><a class=\"wp-block-button__link has-text-color\" href=\"https:\/\/rq-conseils.com\/notre-expertise\/\" style=\"color:#592556\" target=\"_blank\" rel=\"noreferrer noopener\">EN SAVOIR PLUS<\/a><\/div>\n<\/div>\n\n\n\n<div style=\"height:41px\" aria-hidden=\"true\" class=\"wp-block-spacer\"><\/div>\n\n\n\n<p class=\"wp-block-paragraph\"><\/p>\n<\/div><\/div>\n\n\n\n<div class=\"wp-block-kadence-rowlayout alignfull\"><div id=\"kt-layout-id_a977b0-96\" class=\"kt-row-layout-inner kt-row-has-bg kt-layout-id_a977b0-96\"><div class=\"kt-row-layout-overlay kt-row-overlay-normal\"><\/div><div class=\"kt-row-column-wrap kt-has-1-columns kt-gutter-default kt-v-gutter-default kt-row-valign-middle kt-row-layout-equal kt-tab-layout-inherit kt-m-colapse-left-to-right kt-mobile-layout-row\">\n<div class=\"wp-block-kadence-column inner-column-1 kadence-column_4ece03-89\"><div class=\"kt-inside-inner-col\">\n<h6 id=\"kt-adv-heading_cfee4d-09\" class=\"kt-adv-heading_cfee4d-09 wp-block-kadence-advancedheading\" style=\"text-align:center;color:#fff\">Contactez-nous<\/h6>\n\n\n\n<p class=\"has-text-align-center has-white-color has-text-color has-custom-font wp-block-paragraph\" style=\"font-size:17px;font-family:Montserrat\">Si vous avez besoin de notre expertise, n&rsquo;h\u00e9sitez pas \u00e0 nous contacter soit par email ou par t\u00e9l\u00e9phone.\n<br>\nRisques Qualit\u00e9 &amp; Conseils s&rsquo;engage \u00e0 vous accompagner dans la d\u00e9finition et la mise en oeuvre de votre strat\u00e9gie d&rsquo;Assurance.<\/p>\n\n\n\n<div style=\"height:43px\" aria-hidden=\"true\" class=\"wp-block-spacer\"><\/div>\n\n\n\n<div class=\"wp-block-kadence-advancedbtn kt-btn-align-center kt-btn-tablet-align-inherit kt-btn-mobile-align-inherit kt-btns-wrap kt-btns_7c88c5-34\"><div class=\"kt-btn-wrap kt-btn-wrap-0\"><a class=\"kt-button button kt-btn-0-action kt-btn-size-standard kt-btn-style-basic kt-btn-svg-show-always kt-btn-has-text-true kt-btn-has-svg-false\" href=\"https:\/\/rq-conseils.com\/contacts\/\" style=\"border-radius:34px;border-width:2px\"><span class=\"kt-btn-inner-text\">EN SAVOIR PLUS <\/span><\/a><\/div><\/div>\n<\/div><\/div>\n<\/div><\/div><\/div>\n\n\n\n<p class=\"wp-block-paragraph\"><\/p>\n<\/div><\/div>\n<style class=\"advgb-styles-renderer\">#kt-layout-id_a977b0-96 > .kt-row-column-wrap{align-content:center;}:where(#kt-layout-id_a977b0-96 > .kt-row-column-wrap) > .wp-block-kadence-column{justify-content:center;}#kt-layout-id_a977b0-96 > .kt-row-column-wrap{column-gap:var(--global-kb-gap-md, 2rem);row-gap:var(--global-kb-gap-md, 2rem);padding-top:var( --global-kb-row-default-top, 25px );padding-bottom:var( --global-kb-row-default-bottom, 25px );padding-top:100px;padding-bottom:100px;min-height:500px;grid-template-columns:minmax(0, 1fr);}#kt-layout-id_a977b0-96{background-color:#ffffff;background-image:url('https:\/\/rq-conseils.com\/wp-content\/uploads\/2020\/06\/positive-diverse-coworkers-using-laptop-in-office-3932232.jpg');background-size:cover;background-position:center center;background-attachment:scroll;background-repeat:no-repeat;}#kt-layout-id_a977b0-96 > .kt-row-layout-overlay{opacity:0.51;background-color:#000000;mix-blend-mode:normal;}#kt-layout-id_a977b0-96 .kt-row-layout-bottom-sep{height:100px;}#kt-layout-id_a977b0-96 .kt-row-layout-bottom-sep svg{width:100%;}#kt-layout-id_a977b0-96 .kt-row-layout-bottom-sep svg{fill:#ffffff!important;}@media all and (max-width: 1024px){#kt-layout-id_a977b0-96 > .kt-row-column-wrap{padding-right:60px;padding-left:60px;grid-template-columns:minmax(0, 1fr);}}@media all and (max-width: 1024px){#kt-layout-id_a977b0-96 .kt-row-layout-bottom-sep{height:px;}}@media all and (max-width: 1024px){#kt-layout-id_a977b0-96 .kt-row-layout-bottom-sep svg{width:%;}}@media all and (max-width: 767px){#kt-layout-id_a977b0-96 > .kt-row-column-wrap{padding-left:128px;padding-right:128px;grid-template-columns:minmax(0, 1fr);}#kt-layout-id_a977b0-96 .kt-row-layout-bottom-sep{height:px;}#kt-layout-id_a977b0-96 .kt-row-layout-bottom-sep svg{width:%;}}.kadence-column_4ece03-89 > .kt-inside-inner-col{border-top-width:0px;border-right-width:0px;border-bottom-width:0px;border-left-width:0px;}.kadence-column_4ece03-89 > .kt-inside-inner-col,.kadence-column_4ece03-89 > .kt-inside-inner-col:before{border-top-left-radius:0px;border-top-right-radius:0px;border-bottom-right-radius:0px;border-bottom-left-radius:0px;}.kadence-column_4ece03-89 > .kt-inside-inner-col{column-gap:var(--global-kb-gap-sm, 1rem);}.kadence-column_4ece03-89 > .kt-inside-inner-col{flex-direction:column;}.kadence-column_4ece03-89 > .kt-inside-inner-col > .aligncenter{width:100%;}.kadence-column_4ece03-89 > .kt-inside-inner-col:before{opacity:0.3;}.kadence-column_4ece03-89{position:relative;}.wp-block-kadence-column.kadence-column_4ece03-89 > .kt-inside-inner-col{margin-top:-116px;margin-bottom:-132px;}@media all and (max-width: 1024px){.kadence-column_4ece03-89 > .kt-inside-inner-col{flex-direction:column;justify-content:center;}}@media all and (max-width: 767px){.kadence-column_4ece03-89 > .kt-inside-inner-col{flex-direction:column;justify-content:center;}}.wp-block-kadence-advancedheading.kt-adv-heading_cfee4d-09, .wp-block-kadence-advancedheading.kt-adv-heading_cfee4d-09[data-kb-block=\"kb-adv-heading_cfee4d-09\"]{text-align:center;font-size:3.5em;line-height:1.5em;font-style:normal;color:#fff;}.wp-block-kadence-advancedheading.kt-adv-heading_cfee4d-09 mark.kt-highlight, .wp-block-kadence-advancedheading.kt-adv-heading_cfee4d-09[data-kb-block=\"kb-adv-heading_cfee4d-09\"] mark.kt-highlight{font-style:normal;color:#f76a0c;-webkit-box-decoration-break:clone;box-decoration-break:clone;padding-top:0px;padding-right:0px;padding-bottom:0px;padding-left:0px;}.wp-block-kadence-advancedheading.kt-adv-heading_cfee4d-09 img.kb-inline-image, .wp-block-kadence-advancedheading.kt-adv-heading_cfee4d-09[data-kb-block=\"kb-adv-heading_cfee4d-09\"] img.kb-inline-image{width:150px;vertical-align:baseline;}@media all and (max-width: 767px){.wp-block-kadence-advancedheading.kt-adv-heading_cfee4d-09, .wp-block-kadence-advancedheading.kt-adv-heading_cfee4d-09[data-kb-block=\"kb-adv-heading_cfee4d-09\"]{font-size:2.5em;line-height:1.2em;}}.wp-block-kadence-advancedbtn.kb-btns_7c88c5-34{gap:var(--global-kb-gap-xs, 0.5rem );justify-content:center;align-items:center;}.kt-btns_7c88c5-34 .kt-button{font-family:Montserrat;font-weight:200;font-style:normal;}.kt-btns_7c88c5-34 .kt-btn-wrap-0{margin-right:0px;}.wp-block-kadence-advancedbtn.kt-btns_7c88c5-34 .kt-btn-wrap-0 .kt-button{color:#fff;font-size:21px;background:transparent;border-color:#fff;border-style:solid;}.wp-block-kadence-advancedbtn.kt-btns_7c88c5-34 .kt-btn-wrap-0 .kt-button:hover, .wp-block-kadence-advancedbtn.kt-btns_7c88c5-34 .kt-btn-wrap-0 .kt-button:focus{color:#fff;border-color:rgba(255, 255, 255, 0.88);}.wp-block-kadence-advancedbtn.kt-btns_7c88c5-34 .kt-btn-wrap-0 .kt-button::before{display:none;}.wp-block-kadence-advancedbtn.kt-btns_7c88c5-34 .kt-btn-wrap-0 .kt-button:hover, .wp-block-kadence-advancedbtn.kt-btns_7c88c5-34 .kt-btn-wrap-0 .kt-button:focus{background:rgba(0, 0, 0, 0);}@media all and (max-width: 767px){.wp-block-kadence-advancedbtn.kt-btns_7c88c5-34 .kt-btn-wrap-0 .kt-button{font-size:19px;}}<\/style>","protected":false},"excerpt":{"rendered":"<p>Nos domaines d&rsquo;intervention Sp\u00e9cialis\u00e9 en Assurance Construction (Tous Risques Chantier, Responsabilit\u00e9 Civile du Ma\u00eetre d\u2019Ouvrage, Dommages Ouvrage), Risques d\u2019exploitation (Dommages aux Biens, Responsabilit\u00e9 Civile G\u00e9n\u00e9rale et Hospitali\u00e8re, Flotte Automobile, Protection Juridique, Risques Grands comptes\u2026) et Assurance de personnes (Pr\u00e9voyance et Sant\u00e9), notre mission est de vous assister dans la mise en place de vos strat\u00e9gies &hellip; <\/p>\n<div class=\"more-link-wrapper\"><a href=\"https:\/\/rq-conseils.com\/english\/what-we-do\/\" class=\"more-link\">Continue reading<span class=\"screen-reader-text\"> \u00ab\u00a0Nos domaines d&rsquo;intervention homepage\u00a0\u00bb<\/span><\/a><\/div>","protected":false},"author":1,"featured_media":0,"parent":0,"menu_order":0,"comment_status":"closed","ping_status":"closed","template":"","meta":{"qubely_global_settings":"","qubely_interactions":"","_editorskit_title_hidden":false,"_editorskit_reading_time":1,"_editorskit_is_block_options_detached":false,"_editorskit_block_options_position":"{}","_coblocks_attr":"Montserrat,Noto Sans,Montserrat","_coblocks_dimensions":"","_coblocks_responsive_height":"","_coblocks_accordion_ie_support":"","_crdt_document":"","_uag_custom_page_level_css":"","advgb_blocks_editor_width":"","advgb_blocks_columns_visual_guide":"","footnotes":""},"class_list":["post-843","page","type-page","status-publish","hentry"],"featured_image_urls_v2":{"full":"","thumbnail":"","medium":"","medium_large":"","large":"","1536x1536":"","2048x2048":"","trp-custom-language-flag":"","qubely_landscape":"","qubely_portrait":"","qubely_thumbnail":"","ultp_layout_landscape_large":"","ultp_layout_landscape":"","ultp_layout_portrait":"","ultp_layout_square":"","purpose-featured-large":"","purpose-featured-medium":"","purpose-featured-small":"","purpose-featured-square":""},"post_excerpt_stackable_v2":"<p>Nos domaines d&rsquo;intervention Sp\u00e9cialis\u00e9 en Assurance Construction (Tous Risques Chantier, Responsabilit\u00e9 Civile du Ma\u00eetre d\u2019Ouvrage, Dommages Ouvrage), Risques d\u2019exploitation (Dommages aux Biens, Responsabilit\u00e9 Civile G\u00e9n\u00e9rale et Hospitali\u00e8re, Flotte Automobile, Protection Juridique, Risques Grands comptes\u2026) et Assurance de personnes (Pr\u00e9voyance et Sant\u00e9), notre mission est de vous assister dans la mise en place de vos strat\u00e9gies d\u2019achats d\u2019assurances. EN SAVOIR PLUS Contactez-nous Si vous avez besoin de notre expertise, n&rsquo;h\u00e9sitez pas \u00e0 nous contacter soit par email ou par t\u00e9l\u00e9phone. Risques Qualit\u00e9 &amp; Conseils s&rsquo;engage \u00e0 vous accompagner dans la d\u00e9finition et la mise en oeuvre de votre strat\u00e9gie d&rsquo;Assurance. EN&hellip;<\/p>\n","category_list_v2":"","author_info_v2":{"name":"Mulla","url":"https:\/\/rq-conseils.com\/english\/author\/mulla\/"},"comments_num_v2":"0 comments","featured_image_src":null,"uagb_featured_image_src":{"full":false,"thumbnail":false,"medium":false,"medium_large":false,"large":false,"1536x1536":false,"2048x2048":false,"trp-custom-language-flag":false,"qubely_landscape":false,"qubely_portrait":false,"qubely_thumbnail":false,"ultp_layout_landscape_large":false,"ultp_layout_landscape":false,"ultp_layout_portrait":false,"ultp_layout_square":false,"purpose-featured-large":false,"purpose-featured-medium":false,"purpose-featured-small":false,"purpose-featured-square":false},"uagb_author_info":{"display_name":"Mulla","author_link":"https:\/\/rq-conseils.com\/english\/author\/mulla\/"},"uagb_comment_info":0,"uagb_excerpt":"Nos domaines d&rsquo;intervention Sp\u00e9cialis\u00e9 en Assurance Construction (Tous Risques Chantier, Responsabilit\u00e9 Civile du Ma\u00eetre d\u2019Ouvrage, Dommages Ouvrage), Risques d\u2019exploitation (Dommages aux Biens, Responsabilit\u00e9 Civile G\u00e9n\u00e9rale et Hospitali\u00e8re, Flotte Automobile, Protection Juridique, Risques Grands comptes\u2026) et Assurance de personnes (Pr\u00e9voyance et Sant\u00e9), notre mission est de vous assister dans la mise en place de vos strat\u00e9gies&hellip;","coauthors":[],"author_meta":{"author_link":"https:\/\/rq-conseils.com\/english\/author\/mulla\/","display_name":"Mulla"},"relative_dates":{"created":"Posted 12 years ago","modified":"Updated 6 years ago"},"absolute_dates":{"created":"Posted on June 15, 2014","modified":"Updated on September 11, 2020"},"absolute_dates_time":{"created":"Posted on June 15, 2014 2:04 am","modified":"Updated on September 11, 2020 1:52 pm"},"featured_img_caption":"","featured_img":false,"series_order":"","_links":{"self":[{"href":"https:\/\/rq-conseils.com\/english\/wp-json\/wp\/v2\/pages\/843","targetHints":{"allow":["GET"]}}],"collection":[{"href":"https:\/\/rq-conseils.com\/english\/wp-json\/wp\/v2\/pages"}],"about":[{"href":"https:\/\/rq-conseils.com\/english\/wp-json\/wp\/v2\/types\/page"}],"author":[{"embeddable":true,"href":"https:\/\/rq-conseils.com\/english\/wp-json\/wp\/v2\/users\/1"}],"replies":[{"embeddable":true,"href":"https:\/\/rq-conseils.com\/english\/wp-json\/wp\/v2\/comments?post=843"}],"version-history":[{"count":151,"href":"https:\/\/rq-conseils.com\/english\/wp-json\/wp\/v2\/pages\/843\/revisions"}],"predecessor-version":[{"id":4063,"href":"https:\/\/rq-conseils.com\/english\/wp-json\/wp\/v2\/pages\/843\/revisions\/4063"}],"wp:attachment":[{"href":"https:\/\/rq-conseils.com\/english\/wp-json\/wp\/v2\/media?parent=843"}],"curies":[{"name":"wp","href":"https:\/\/api.w.org\/{rel}","templated":true}]}}